{"id":1362,"date":"2025-04-29T14:25:30","date_gmt":"2025-04-29T14:25:30","guid":{"rendered":"https:\/\/tiendapangordexola.rkinformatika.online\/?page_id=1362"},"modified":"2025-04-29T14:37:27","modified_gmt":"2025-04-29T14:37:27","slug":"politica-de-envio","status":"publish","type":"page","link":"https:\/\/tienda.pangordexola.com\/eu\/politica-de-envio\/","title":{"rendered":"Pol\u00edtica de env\u00edo"},"content":{"rendered":"<div data-elementor-type=\"wp-page\" data-elementor-id=\"1362\" class=\"elementor elementor-1362\" data-elementor-post-type=\"page\">\n\t\t\t\t\t\t<section class=\"elementor-section elementor-top-section elementor-element elementor-element-6a19266 elementor-section-boxed elementor-section-height-default elementor-section-height-default\" data-id=\"6a19266\" data-element_type=\"section\" data-e-type=\"section\" data-settings=\"{&quot;background_background&quot;:&quot;classic&quot;}\">\n\t\t\t\t\t\t<div class=\"elementor-container elementor-column-gap-default\">\n\t\t\t\t\t<div class=\"elementor-column elementor-col-100 elementor-top-column elementor-element elementor-element-25934a5\" data-id=\"25934a5\" data-element_type=\"column\" data-e-type=\"column\">\n\t\t\t<div class=\"elementor-widget-wrap elementor-element-populated\">\n\t\t\t\t\t\t<div class=\"elementor-element elementor-element-89a94d8 elementor-widget elementor-widget-text-editor\" data-id=\"89a94d8\" data-element_type=\"widget\" data-e-type=\"widget\" data-widget_type=\"text-editor.default\">\n\t\t\t\t<div class=\"elementor-widget-container\">\n\t\t\t\t\t\t\t\t\t<h1 class=\"western\" align=\"justify\"><strong><b>Pol\u00edtica de env\u00edo<\/b><\/strong><\/h1><p align=\"justify\">Todos los pedidos recibidos, con stock disponible y abonados antes de las 12:00 horas de lunes a viernes, ser\u00e1n cursados el mismo d\u00eda. A partir de las 12:00 se tramitar\u00e1n el siguiente d\u00eda h\u00e1bil. Los pedidos con stock disponible tendr\u00e1n un env\u00edo 24 \u2013 48 h.<\/p><p align=\"justify\">El precio del env\u00edo incluye 2 intentos de entrega en el domicilio del cliente. El tercer intento y sucesivos correr\u00e1n a cargo del cliente. La empresa de transporte intentar\u00e1 ponerse en contacto con el tel\u00e9fono suministrado por el cliente.<\/p><p align=\"justify\">No hay confirmado preaviso telef\u00f3nico previo al env\u00edo, por lo que, por favor, indique una direcci\u00f3n de entrega donde haya gente de manera habitual, por ejemplo su lugar de trabajo. De esta manera se evitan muchos retrasos y gestiones posteriores.<\/p><p align=\"justify\">En los env\u00edos a las Canarias, Ceuta y Melilla, estos pueden ver incrementado su coste por impuestos locales, como es el caso de IGIC y que correr\u00e1n por cuenta del comprador.<br \/>No se servir\u00e1n pedidos en Apartados de Correos.<\/p><p align=\"justify\">A cada producto ser\u00e1n aplicables las Condiciones de entrega establecidas en su caso. El usuario deber\u00e1 tener en cuenta dichas Condiciones.<\/p><p align=\"justify\">Para cualquier cuesti\u00f3n relacionada con la entrega o las condiciones del producto, el usuario deber\u00e1 contactar con Atenci\u00f3n al Cliente de <b>Hijos L.Lafragua S.L<\/b>, enviando un correo electr\u00f3nico a\u00a0<b><a href=\"mailto:%20panlafragua@hotmail.com\"><span class=\"elementor-icon-list-text\">contacto@pangordexola.com<\/span><\/a><\/b>, que ser\u00e1 respondido a la mayor brevedad.<\/p><p align=\"justify\">Los pedidos no se entregan los fines de semana, ni los d\u00edas festivos. Estos d\u00edas, as\u00ed como los afectados por huelga de transportistas o suministradores, no se computar\u00e1n a efectos de plazos de entrega.<\/p><p align=\"justify\">Tanto las oficinas de <b>Hijos L.Lafragua S.L<\/b>\u00a0como los almacenes de la empresa log\u00edstica est\u00e1n sujetas a las fiestas oficiales de la Comunidad de Pa\u00eds Vasco, no dando servicio en dichos d\u00edas.<\/p>\t\t\t\t\t\t\t\t<\/div>\n\t\t\t\t<\/div>\n\t\t\t\t\t<\/div>\n\t\t<\/div>\n\t\t\t\t\t<\/div>\n\t\t<\/section>\n\t\t\t\t<\/div>","protected":false},"excerpt":{"rendered":"<p>Pol\u00edtica de env\u00edo Todos los pedidos recibidos, con stock disponible y abonados antes de las 12:00 horas de lunes a viernes, ser\u00e1n cursados el mismo d\u00eda. A partir de las 12:00 se tramitar\u00e1n el siguiente d\u00eda h\u00e1bil. Los pedidos con stock disponible tendr\u00e1n un env\u00edo 24 \u2013 48 h. El precio del env\u00edo incluye 2 [&hellip;]<\/p>\n","protected":false},"author":2,"featured_media":0,"parent":0,"menu_order":0,"comment_status":"closed","ping_status":"closed","template":"elementor_canvas","meta":{"footnotes":""},"class_list":["post-1362","page","type-page","status-publish","hentry"],"yoast_head":"<!-- This site is optimized with the Yoast SEO plugin v27.3 - https:\/\/yoast.com\/product\/yoast-seo-wordpress\/ -->\n<title>Pol\u00edtica de env\u00edo - Pan Gordexola<\/title>\n<meta name=\"robots\" content=\"index, follow, max-snippet:-1, max-image-preview:large, max-video-preview:-1\" \/>\n<link rel=\"canonical\" href=\"https:\/\/tienda.pangordexola.com\/eu\/politica-de-envio\/\" \/>\n<meta property=\"og:locale\" content=\"en_US\" \/>\n<meta property=\"og:type\" content=\"article\" \/>\n<meta property=\"og:title\" content=\"Pol\u00edtica de env\u00edo - Pan Gordexola\" \/>\n<meta property=\"og:description\" content=\"Pol\u00edtica de env\u00edo Todos los pedidos recibidos, con stock disponible y abonados antes de las 12:00 horas de lunes a viernes, ser\u00e1n cursados el mismo d\u00eda. A partir de las 12:00 se tramitar\u00e1n el siguiente d\u00eda h\u00e1bil. Los pedidos con stock disponible tendr\u00e1n un env\u00edo 24 \u2013 48 h. El precio del env\u00edo incluye 2 [&hellip;]\" \/>\n<meta property=\"og:url\" content=\"https:\/\/tienda.pangordexola.com\/eu\/politica-de-envio\/\" \/>\n<meta property=\"og:site_name\" content=\"Pan Gordexola\" \/>\n<meta property=\"article:modified_time\" content=\"2025-04-29T14:37:27+00:00\" \/>\n<meta name=\"twitter:card\" content=\"summary_large_image\" \/>\n<meta name=\"twitter:label1\" content=\"Est. reading time\" \/>\n\t<meta name=\"twitter:data1\" content=\"2 minutua\" \/>\n<script type=\"application\/ld+json\" class=\"yoast-schema-graph\">{\"@context\":\"https:\\\/\\\/schema.org\",\"@graph\":[{\"@type\":\"WebPage\",\"@id\":\"https:\\\/\\\/tienda.pangordexola.com\\\/politica-de-envio\\\/\",\"url\":\"https:\\\/\\\/tienda.pangordexola.com\\\/politica-de-envio\\\/\",\"name\":\"Pol\u00edtica de env\u00edo - Pan Gordexola\",\"isPartOf\":{\"@id\":\"https:\\\/\\\/tienda.pangordexola.com\\\/#website\"},\"datePublished\":\"2025-04-29T14:25:30+00:00\",\"dateModified\":\"2025-04-29T14:37:27+00:00\",\"breadcrumb\":{\"@id\":\"https:\\\/\\\/tienda.pangordexola.com\\\/politica-de-envio\\\/#breadcrumb\"},\"inLanguage\":\"eu\",\"potentialAction\":[{\"@type\":\"ReadAction\",\"target\":[\"https:\\\/\\\/tienda.pangordexola.com\\\/politica-de-envio\\\/\"]}]},{\"@type\":\"BreadcrumbList\",\"@id\":\"https:\\\/\\\/tienda.pangordexola.com\\\/politica-de-envio\\\/#breadcrumb\",\"itemListElement\":[{\"@type\":\"ListItem\",\"position\":1,\"name\":\"Portada\",\"item\":\"https:\\\/\\\/tienda.pangordexola.com\\\/\"},{\"@type\":\"ListItem\",\"position\":2,\"name\":\"Pol\u00edtica de env\u00edo\"}]},{\"@type\":\"WebSite\",\"@id\":\"https:\\\/\\\/tienda.pangordexola.com\\\/#website\",\"url\":\"https:\\\/\\\/tienda.pangordexola.com\\\/\",\"name\":\"Pan Gordexola\",\"description\":\"INDUSTRIA DEL PAN Y DE LA BOLLER\u00cdA\",\"publisher\":{\"@id\":\"https:\\\/\\\/tienda.pangordexola.com\\\/#organization\"},\"potentialAction\":[{\"@type\":\"SearchAction\",\"target\":{\"@type\":\"EntryPoint\",\"urlTemplate\":\"https:\\\/\\\/tienda.pangordexola.com\\\/?s={search_term_string}\"},\"query-input\":{\"@type\":\"PropertyValueSpecification\",\"valueRequired\":true,\"valueName\":\"search_term_string\"}}],\"inLanguage\":\"eu\"},{\"@type\":\"Organization\",\"@id\":\"https:\\\/\\\/tienda.pangordexola.com\\\/#organization\",\"name\":\"Pan Gordexola\",\"url\":\"https:\\\/\\\/tienda.pangordexola.com\\\/\",\"logo\":{\"@type\":\"ImageObject\",\"inLanguage\":\"eu\",\"@id\":\"https:\\\/\\\/tienda.pangordexola.com\\\/#\\\/schema\\\/logo\\\/image\\\/\",\"url\":\"https:\\\/\\\/tienda.pangordexola.com\\\/wp-content\\\/uploads\\\/2024\\\/12\\\/cropped-Design-sem-nome-1.png\",\"contentUrl\":\"https:\\\/\\\/tienda.pangordexola.com\\\/wp-content\\\/uploads\\\/2024\\\/12\\\/cropped-Design-sem-nome-1.png\",\"width\":500,\"height\":430,\"caption\":\"Pan Gordexola\"},\"image\":{\"@id\":\"https:\\\/\\\/tienda.pangordexola.com\\\/#\\\/schema\\\/logo\\\/image\\\/\"}}]}<\/script>\n<!-- \/ Yoast SEO plugin. -->","yoast_head_json":{"title":"Pol\u00edtica de env\u00edo - Pan Gordexola","robots":{"index":"index","follow":"follow","max-snippet":"max-snippet:-1","max-image-preview":"max-image-preview:large","max-video-preview":"max-video-preview:-1"},"canonical":"https:\/\/tienda.pangordexola.com\/eu\/politica-de-envio\/","og_locale":"en_US","og_type":"article","og_title":"Pol\u00edtica de env\u00edo - Pan Gordexola","og_description":"Pol\u00edtica de env\u00edo Todos los pedidos recibidos, con stock disponible y abonados antes de las 12:00 horas de lunes a viernes, ser\u00e1n cursados el mismo d\u00eda. A partir de las 12:00 se tramitar\u00e1n el siguiente d\u00eda h\u00e1bil. Los pedidos con stock disponible tendr\u00e1n un env\u00edo 24 \u2013 48 h. El precio del env\u00edo incluye 2 [&hellip;]","og_url":"https:\/\/tienda.pangordexola.com\/eu\/politica-de-envio\/","og_site_name":"Pan Gordexola","article_modified_time":"2025-04-29T14:37:27+00:00","twitter_card":"summary_large_image","twitter_misc":{"Est. reading time":"2 minutua"},"schema":{"@context":"https:\/\/schema.org","@graph":[{"@type":"WebPage","@id":"https:\/\/tienda.pangordexola.com\/politica-de-envio\/","url":"https:\/\/tienda.pangordexola.com\/politica-de-envio\/","name":"Pol\u00edtica de env\u00edo - Pan Gordexola","isPartOf":{"@id":"https:\/\/tienda.pangordexola.com\/#website"},"datePublished":"2025-04-29T14:25:30+00:00","dateModified":"2025-04-29T14:37:27+00:00","breadcrumb":{"@id":"https:\/\/tienda.pangordexola.com\/politica-de-envio\/#breadcrumb"},"inLanguage":"eu","potentialAction":[{"@type":"ReadAction","target":["https:\/\/tienda.pangordexola.com\/politica-de-envio\/"]}]},{"@type":"BreadcrumbList","@id":"https:\/\/tienda.pangordexola.com\/politica-de-envio\/#breadcrumb","itemListElement":[{"@type":"ListItem","position":1,"name":"Portada","item":"https:\/\/tienda.pangordexola.com\/"},{"@type":"ListItem","position":2,"name":"Pol\u00edtica de env\u00edo"}]},{"@type":"WebSite","@id":"https:\/\/tienda.pangordexola.com\/#website","url":"https:\/\/tienda.pangordexola.com\/","name":"GORDEXOLA OGIra","description":"INDUSTRIA DEL PAN Y DE LA BOLLER\u00cdA","publisher":{"@id":"https:\/\/tienda.pangordexola.com\/#organization"},"potentialAction":[{"@type":"SearchAction","target":{"@type":"EntryPoint","urlTemplate":"https:\/\/tienda.pangordexola.com\/?s={search_term_string}"},"query-input":{"@type":"PropertyValueSpecification","valueRequired":true,"valueName":"search_term_string"}}],"inLanguage":"eu"},{"@type":"Organization","@id":"https:\/\/tienda.pangordexola.com\/#organization","name":"GORDEXOLA OGIra","url":"https:\/\/tienda.pangordexola.com\/","logo":{"@type":"ImageObject","inLanguage":"eu","@id":"https:\/\/tienda.pangordexola.com\/#\/schema\/logo\/image\/","url":"https:\/\/tienda.pangordexola.com\/wp-content\/uploads\/2024\/12\/cropped-Design-sem-nome-1.png","contentUrl":"https:\/\/tienda.pangordexola.com\/wp-content\/uploads\/2024\/12\/cropped-Design-sem-nome-1.png","width":500,"height":430,"caption":"Pan Gordexola"},"image":{"@id":"https:\/\/tienda.pangordexola.com\/#\/schema\/logo\/image\/"}}]}},"_links":{"self":[{"href":"https:\/\/tienda.pangordexola.com\/eu\/wp-json\/wp\/v2\/pages\/1362","targetHints":{"allow":["GET"]}}],"collection":[{"href":"https:\/\/tienda.pangordexola.com\/eu\/wp-json\/wp\/v2\/pages"}],"about":[{"href":"https:\/\/tienda.pangordexola.com\/eu\/wp-json\/wp\/v2\/types\/page"}],"author":[{"embeddable":true,"href":"https:\/\/tienda.pangordexola.com\/eu\/wp-json\/wp\/v2\/users\/2"}],"replies":[{"embeddable":true,"href":"https:\/\/tienda.pangordexola.com\/eu\/wp-json\/wp\/v2\/comments?post=1362"}],"version-history":[{"count":14,"href":"https:\/\/tienda.pangordexola.com\/eu\/wp-json\/wp\/v2\/pages\/1362\/revisions"}],"predecessor-version":[{"id":1385,"href":"https:\/\/tienda.pangordexola.com\/eu\/wp-json\/wp\/v2\/pages\/1362\/revisions\/1385"}],"wp:attachment":[{"href":"https:\/\/tienda.pangordexola.com\/eu\/wp-json\/wp\/v2\/media?parent=1362"}],"curies":[{"name":"wp","href":"https:\/\/api.w.org\/{rel}","templated":true}]}}